{"id":742,"date":"2022-02-25T08:07:25","date_gmt":"2022-02-25T08:07:25","guid":{"rendered":"http:\/\/ense.mx\/radioense\/?page_id=742"},"modified":"2025-06-04T02:20:21","modified_gmt":"2025-06-04T02:20:21","slug":"colaboradores-2","status":"publish","type":"page","link":"https:\/\/ense.mx\/radioense\/colaboradores-2\/","title":{"rendered":"Colaboradores"},"content":{"rendered":"\t\t<div data-elementor-type=\"wp-page\" data-elementor-id=\"742\" class=\"elementor elementor-742\" data-elementor-settings=\"[]\">\n\t\t\t\t\t\t\t<div class=\"elementor-section-wrap\">\n\t\t\t\t\t\t\t<section class=\"elementor-section elementor-top-section elementor-element elementor-element-5412cab elementor-section-boxed elementor-section-height-default elementor-section-height-default\" data-id=\"5412cab\" data-element_type=\"section\">\n\t\t\t\t\t\t<div class=\"elementor-container elementor-column-gap-default\">\n\t\t\t\t\t<div class=\"elementor-column elementor-col-100 elementor-top-column elementor-element elementor-element-16f1efa\" data-id=\"16f1efa\" data-element_type=\"column\">\n\t\t\t<div class=\"elementor-widget-wrap elementor-element-populated\">\n\t\t\t\t\t\t\t\t<div class=\"elementor-element elementor-element-9daa75e elementor-widget elementor-widget-text-editor\" data-id=\"9daa75e\" data-element_type=\"widget\" data-widget_type=\"text-editor.default\">\n\t\t\t\t<div class=\"elementor-widget-container\">\n\t\t\t<style>\/*! elementor - v3.5.6 - 28-02-2022 *\/\n.elementor-widget-text-editor.elementor-drop-cap-view-stacked .elementor-drop-cap{background-color:#818a91;color:#fff}.elementor-widget-text-editor.elementor-drop-cap-view-framed .elementor-drop-cap{color:#818a91;border:3px solid;background-color:transparent}.elementor-widget-text-editor:not(.elementor-drop-cap-view-default) .elementor-drop-cap{margin-top:8px}.elementor-widget-text-editor:not(.elementor-drop-cap-view-default) .elementor-drop-cap-letter{width:1em;height:1em}.elementor-widget-text-editor .elementor-drop-cap{float:left;text-align:center;line-height:1;font-size:50px}.elementor-widget-text-editor .elementor-drop-cap-letter{display:inline-block}<\/style>\t\t\t\t<p>Radio ENSE est\u00e1 integrado por estudiantes y docentes normalistas. \u00danete al proyecto.<\/p>\t\t\t\t\t\t<\/div>\n\t\t\t\t<\/div>\n\t\t\t\t\t<\/div>\n\t\t<\/div>\n\t\t\t\t\t\t\t<\/div>\n\t\t<\/section>\n\t\t\t\t<section class=\"elementor-section elementor-top-section elementor-element elementor-element-7432632 elementor-section-boxed elementor-section-height-default elementor-section-height-default\" data-id=\"7432632\" data-element_type=\"section\">\n\t\t\t\t\t\t<div class=\"elementor-container elementor-column-gap-default\">\n\t\t\t\t\t<div class=\"elementor-column elementor-col-100 elementor-top-column elementor-element elementor-element-c933a24\" data-id=\"c933a24\" data-element_type=\"column\">\n\t\t\t<div class=\"elementor-widget-wrap elementor-element-populated\">\n\t\t\t\t\t\t\t\t<div class=\"elementor-element elementor-element-83cad25 elementor-position-left elementor-vertical-align-middle elementor-widget elementor-widget-image-box\" data-id=\"83cad25\" data-element_type=\"widget\" data-widget_type=\"image-box.default\">\n\t\t\t\t<div class=\"elementor-widget-container\">\n\t\t\t<style>\/*! elementor - v3.5.6 - 28-02-2022 *\/\n.elementor-widget-image-box .elementor-image-box-content{width:100%}@media (min-width:768px){.elementor-widget-image-box.elementor-position-left .elementor-image-box-wrapper,.elementor-widget-image-box.elementor-position-right .elementor-image-box-wrapper{display:-webkit-box;display:-ms-flexbox;display:flex}.elementor-widget-image-box.elementor-position-right .elementor-image-box-wrapper{text-align:right;-webkit-box-orient:horizontal;-webkit-box-direction:reverse;-ms-flex-direction:row-reverse;flex-direction:row-reverse}.elementor-widget-image-box.elementor-position-left .elementor-image-box-wrapper{text-align:left;-webkit-box-orient:horizontal;-webkit-box-direction:normal;-ms-flex-direction:row;flex-direction:row}.elementor-widget-image-box.elementor-position-top .elementor-image-box-img{margin:auto}.elementor-widget-image-box.elementor-vertical-align-top .elementor-image-box-wrapper{-webkit-box-align:start;-ms-flex-align:start;align-items:flex-start}.elementor-widget-image-box.elementor-vertical-align-middle .elementor-image-box-wrapper{-webkit-box-align:center;-ms-flex-align:center;align-items:center}.elementor-widget-image-box.elementor-vertical-align-bottom .elementor-image-box-wrapper{-webkit-box-align:end;-ms-flex-align:end;align-items:flex-end}}@media (max-width:767px){.elementor-widget-image-box .elementor-image-box-img{margin-left:auto!important;margin-right:auto!important;margin-bottom:15px}}.elementor-widget-image-box .elementor-image-box-img{display:inline-block}.elementor-widget-image-box .elementor-image-box-title a{color:inherit}.elementor-widget-image-box .elementor-image-box-wrapper{text-align:center}.elementor-widget-image-box .elementor-image-box-description{margin:0}<\/style><div class=\"elementor-image-box-wrapper\"><figure class=\"elementor-image-box-img\"><img loading=\"lazy\" decoding=\"async\" width=\"922\" height=\"1201\" src=\"https:\/\/ense.mx\/radioense\/wp-content\/uploads\/2025\/06\/20250529_085846.jpg\" class=\"attachment-full size-full\" alt=\"\" \/><\/figure><div class=\"elementor-image-box-content\"><h3 class=\"elementor-image-box-title\">Dra. Dalia Reyes Vald\u00e9s. Coordinadora de Radio ENSE Coahuila.<\/h3><p class=\"elementor-image-box-description\">Docente investigadora en \u00e1reas de licenciatura y posgrado. Es l\u00edder del Grupo de Investigaci\u00f3n \u201cEducaci\u00f3n de Soluciones\u201d y miembro SNI desde 2022. Coordinadora de RADIOENSE <\/p><\/div><\/div>\t\t<\/div>\n\t\t\t\t<\/div>\n\t\t\t\t<div class=\"elementor-element elementor-element-a904d2d elementor-position-left elementor-vertical-align-middle elementor-widget elementor-widget-image-box\" data-id=\"a904d2d\" data-element_type=\"widget\" data-widget_type=\"image-box.default\">\n\t\t\t\t<div class=\"elementor-widget-container\">\n\t\t\t<div class=\"elementor-image-box-wrapper\"><figure class=\"elementor-image-box-img\"><img loading=\"lazy\" decoding=\"async\" width=\"349\" height=\"399\" src=\"https:\/\/ense.mx\/radioense\/wp-content\/uploads\/2022\/02\/FERNANDO-AVILES-e1645777492906.jpeg\" class=\"attachment-full size-full\" alt=\"\" \/><\/figure><div class=\"elementor-image-box-content\"><h3 class=\"elementor-image-box-title\">Mtro. Fernando Avil\u00e9s. Producci\u00f3n de Radio ENSE Coahuila.<\/h3><p class=\"elementor-image-box-description\">Es docente en nivel Posgrado y un apasionado y convencido usuario de la tecnolog\u00eda en los procesos educativos y un entusiasta de la programaci\u00f3n y rob\u00f3tica educativa.<\/p><\/div><\/div>\t\t<\/div>\n\t\t\t\t<\/div>\n\t\t\t\t<div class=\"elementor-element elementor-element-439e160 elementor-position-left elementor-vertical-align-middle elementor-widget elementor-widget-image-box\" data-id=\"439e160\" data-element_type=\"widget\" data-widget_type=\"image-box.default\">\n\t\t\t\t<div class=\"elementor-widget-container\">\n\t\t\t<div class=\"elementor-image-box-wrapper\"><figure class=\"elementor-image-box-img\"><img loading=\"lazy\" decoding=\"async\" width=\"388\" height=\"496\" src=\"https:\/\/ense.mx\/radioense\/wp-content\/uploads\/2022\/02\/PAOLA-SALAZAR-FOTO.jpg\" class=\"attachment-full size-full\" alt=\"\" \/><\/figure><div class=\"elementor-image-box-content\"><h3 class=\"elementor-image-box-title\">Dra. Paola Guadalupe Salazar Garc\u00eda.  Conductora de \u201cEN, el noticiero\u201d y \u201cEducaci\u00f3n de Soluciones\u201d.<\/h3><p class=\"elementor-image-box-description\">Doctora en ciencias de la educaci\u00f3n. Docente de posgrado ENSE y nivel secundaria. Miembro del Grupo de Investigaci\u00f3n \u201cEducaci\u00f3n de Soluciones\u201d.<\/p><\/div><\/div>\t\t<\/div>\n\t\t\t\t<\/div>\n\t\t\t\t<div class=\"elementor-element elementor-element-f34954d elementor-position-left elementor-vertical-align-middle elementor-widget elementor-widget-image-box\" data-id=\"f34954d\" data-element_type=\"widget\" data-widget_type=\"image-box.default\">\n\t\t\t\t<div class=\"elementor-widget-container\">\n\t\t\t<div class=\"elementor-image-box-wrapper\"><figure class=\"elementor-image-box-img\"><img loading=\"lazy\" decoding=\"async\" width=\"1250\" height=\"1600\" src=\"https:\/\/ense.mx\/radioense\/wp-content\/uploads\/2022\/02\/IVONE-GALLEGOS.jpeg\" class=\"attachment-full size-full\" alt=\"\" \/><\/figure><div class=\"elementor-image-box-content\"><h3 class=\"elementor-image-box-title\">Mtra. Ivone Gallegos. Conductora de \u201cEstrategias para llevar\u201d y voz de Radio ENSE. <\/h3><p class=\"elementor-image-box-description\">Es egresada de la licenciatura de Educaci\u00f3n Art\u00edstica por la Benem\u00e9rita Escuela Normal de Coahuila; Licenciada en Lengua y Literatura Espa\u00f1ola por la Escuela Normal Superior; Maestr\u00eda en Educaci\u00f3n por la UDEM y actualmente cursa el Doctorado en Educaci\u00f3n.<\/p><\/div><\/div>\t\t<\/div>\n\t\t\t\t<\/div>\n\t\t\t\t<div class=\"elementor-element elementor-element-10afdbf elementor-position-left elementor-vertical-align-middle elementor-widget elementor-widget-image-box\" data-id=\"10afdbf\" data-element_type=\"widget\" data-widget_type=\"image-box.default\">\n\t\t\t\t<div class=\"elementor-widget-container\">\n\t\t\t<div class=\"elementor-image-box-wrapper\"><figure class=\"elementor-image-box-img\"><img loading=\"lazy\" decoding=\"async\" width=\"1200\" height=\"1600\" src=\"https:\/\/ense.mx\/radioense\/wp-content\/uploads\/2022\/02\/JESUS-MARTINEZ.jpeg\" class=\"attachment-full size-full\" alt=\"\" \/><\/figure><div class=\"elementor-image-box-content\"><h3 class=\"elementor-image-box-title\">Mtro. Jes\u00fas C\u00e1ndido Mart\u00ednez Quisti\u00e1n.  Conductor de \u201c\u00bfMe est\u00e1s escuchando? Historias de telesecundaria\u201d. <\/h3><p class=\"elementor-image-box-description\">Egresado de la ENSE en la especialidad de Ciencias Sociales y de la UAAAN. Labora en la ENSE desde 2011.<\/p><\/div><\/div>\t\t<\/div>\n\t\t\t\t<\/div>\n\t\t\t\t<div class=\"elementor-element elementor-element-fa475dc elementor-position-left elementor-vertical-align-middle elementor-widget elementor-widget-image-box\" data-id=\"fa475dc\" data-element_type=\"widget\" data-widget_type=\"image-box.default\">\n\t\t\t\t<div class=\"elementor-widget-container\">\n\t\t\t<div class=\"elementor-image-box-wrapper\"><figure class=\"elementor-image-box-img\"><img loading=\"lazy\" decoding=\"async\" width=\"300\" height=\"300\" src=\"https:\/\/ense.mx\/radioense\/wp-content\/uploads\/2025\/06\/20250530_071255-e1750722162442-300x300.jpg\" class=\"attachment-thumbnail size-thumbnail\" alt=\"\" \/><\/figure><div class=\"elementor-image-box-content\"><h3 class=\"elementor-image-box-title\">Dr. Javier Alvarado Garc\u00eda. Productor general de RadioENSE<\/h3><p class=\"elementor-image-box-description\">Doctor en Ciencias de la Educaci\u00f3n, catedr\u00e1tico investigador de posgrado de la ENSE, productor general de RADIOENSE <\/p><\/div><\/div>\t\t<\/div>\n\t\t\t\t<\/div>\n\t\t\t\t<div class=\"elementor-element elementor-element-dafce62 elementor-position-left elementor-vertical-align-middle elementor-widget elementor-widget-image-box\" data-id=\"dafce62\" data-element_type=\"widget\" data-widget_type=\"image-box.default\">\n\t\t\t\t<div class=\"elementor-widget-container\">\n\t\t\t<div class=\"elementor-image-box-wrapper\"><figure class=\"elementor-image-box-img\"><img loading=\"lazy\" decoding=\"async\" width=\"1800\" height=\"1200\" src=\"https:\/\/ense.mx\/radioense\/wp-content\/uploads\/2022\/03\/Abril-Cecy.jpg\" class=\"attachment-full size-full\" alt=\"\" \/><\/figure><div class=\"elementor-image-box-content\"><h3 class=\"elementor-image-box-title\">Abril Segura y Cecy Tello, conductoras del programa \u201c\u00bfC\u00f3mo le hago\u201d, dirigido a orientar a estudiantes y docentes sobre problemas emocionales a partir de testimonios.<\/h3><p class=\"elementor-image-box-description\">Abril Segura es Licenciada en Psicolog\u00eda y Maestra en Terapia Familiar Sist\u00e9mica. Es terapeuta en Meridiano, Centro de Psicolog\u00eda\nCecy es alumna del segundo semestre de Ingl\u00e9s en la Escuela Normal Superior. Tiene experiencia trabajando en la iniciativa privada. Una joven muy activa y sensible a las necesidades de los dem\u00e1s.\n<\/p><\/div><\/div>\t\t<\/div>\n\t\t\t\t<\/div>\n\t\t\t\t<div class=\"elementor-element elementor-element-21ead9d elementor-position-left elementor-vertical-align-middle elementor-widget elementor-widget-image-box\" data-id=\"21ead9d\" data-element_type=\"widget\" data-widget_type=\"image-box.default\">\n\t\t\t\t<div class=\"elementor-widget-container\">\n\t\t\t<div class=\"elementor-image-box-wrapper\"><figure class=\"elementor-image-box-img\"><img loading=\"lazy\" decoding=\"async\" width=\"1800\" height=\"1200\" src=\"https:\/\/ense.mx\/radioense\/wp-content\/uploads\/2022\/03\/Dayana-Diego.jpg\" class=\"attachment-full size-full\" alt=\"\" \/><\/figure><div class=\"elementor-image-box-content\"><h3 class=\"elementor-image-box-title\">Dayana y Diego son los conductores de \u201c\u00a1Lo pusimos en el Face!\u201d Un programa informativo sobre la informaci\u00f3n visual que acompa\u00f1a nuestros podcast de RADIO ENSE.<\/h3><p class=\"elementor-image-box-description\">Son alumnos de Espa\u00f1ol, segundo semestre, en la Escuela Normal Superior del Estado.  \u00a1Los m\u00e1s entusiastas!\n\n<\/p><\/div><\/div>\t\t<\/div>\n\t\t\t\t<\/div>\n\t\t\t\t<div class=\"elementor-element elementor-element-34adb36 elementor-position-left elementor-vertical-align-middle elementor-widget elementor-widget-image-box\" data-id=\"34adb36\" data-element_type=\"widget\" data-widget_type=\"image-box.default\">\n\t\t\t\t<div class=\"elementor-widget-container\">\n\t\t\t<div class=\"elementor-image-box-wrapper\"><figure class=\"elementor-image-box-img\"><img loading=\"lazy\" decoding=\"async\" width=\"1800\" height=\"870\" src=\"https:\/\/ense.mx\/radioense\/wp-content\/uploads\/2022\/03\/dalia-claudia-paola.jpg\" class=\"attachment-full size-full\" alt=\"\" \/><\/figure><div class=\"elementor-image-box-content\"><h3 class=\"elementor-image-box-title\">Dra. Dalia Reyes, Mtra. Claudia Escare\u00f1o Morales y Dra. Paola Salazar.  Conducen el programa \u201cEducaci\u00f3n de Soluciones\u201d, un programa del Grupo de Investigaci\u00f3n Educaci\u00f3n de Soluciones, cuyo prop\u00f3sito es acompa\u00f1ar a docentes frente a grupo a formarse como investigadores para la resoluci\u00f3n de problemas de la pr\u00e1ctica docente.<\/h3><p class=\"elementor-image-box-description\">La Maestra Claudia Escare\u00f1o es Docente en nivel secundaria en el \u00e1rea de Educaci\u00f3n F\u00edsica, asignada a gesti\u00f3n de proyectos ENSE y miembro del Grupo de Investigaci\u00f3n \u201cEducaci\u00f3n de Soluciones\u201d\n\n\n<\/p><\/div><\/div>\t\t<\/div>\n\t\t\t\t<\/div>\n\t\t\t\t<div class=\"elementor-element elementor-element-558f0e6 elementor-position-left elementor-vertical-align-middle elementor-widget elementor-widget-image-box\" data-id=\"558f0e6\" data-element_type=\"widget\" data-widget_type=\"image-box.default\">\n\t\t\t\t<div class=\"elementor-widget-container\">\n\t\t\t<div class=\"elementor-image-box-wrapper\"><figure class=\"elementor-image-box-img\"><img loading=\"lazy\" decoding=\"async\" width=\"442\" height=\"581\" src=\"https:\/\/ense.mx\/radioense\/wp-content\/uploads\/2025\/06\/WhatsApp-Image-2025-06-03-at-20.12.58-1-e1750722205281.jpeg\" class=\"attachment-full size-full\" alt=\"\" \/><\/figure><div class=\"elementor-image-box-content\"><h3 class=\"elementor-image-box-title\">Mtro. Jorge Garc\u00eda Loera Conductor y cantante del programa El Canto y su Recuerdo<\/h3><p class=\"elementor-image-box-description\"> Mtro. investigador y catedr\u00e1tico de posgrado de la ENSE apasionado a la m\u00fasica \n\n\n<\/p><\/div><\/div>\t\t<\/div>\n\t\t\t\t<\/div>\n\t\t\t\t<div class=\"elementor-element elementor-element-eb8ac1c elementor-position-left elementor-vertical-align-middle elementor-widget elementor-widget-image-box\" data-id=\"eb8ac1c\" data-element_type=\"widget\" data-widget_type=\"image-box.default\">\n\t\t\t\t<div class=\"elementor-widget-container\">\n\t\t\t<div class=\"elementor-image-box-wrapper\"><figure class=\"elementor-image-box-img\"><img loading=\"lazy\" decoding=\"async\" width=\"665\" height=\"838\" src=\"https:\/\/ense.mx\/radioense\/wp-content\/uploads\/2022\/02\/SEBASTIAN-AMEZQUITA-NIDO-CUERVO-e1645778143607.jpeg\" class=\"attachment-full size-full\" alt=\"\" \/><\/figure><div class=\"elementor-image-box-content\"><h3 class=\"elementor-image-box-title\">Sebasti\u00e1n Am\u00e9zquita. Conductor Nido de cuervos. An\u00e1lisis de letras en m\u00fasica contempor\u00e1nea.<\/h3><p class=\"elementor-image-box-description\">Es alumno de segundo semestre de la licenciatura en ense\u00f1anza y aprendizaje del espa\u00f1ol en nivel secundaria en la Escuela Normal Superior del Estado de Coahuila<\/p><\/div><\/div>\t\t<\/div>\n\t\t\t\t<\/div>\n\t\t\t\t\t<\/div>\n\t\t<\/div>\n\t\t\t\t\t\t\t<\/div>\n\t\t<\/section>\n\t\t\t\t\t\t<\/div>\n\t\t\t\t\t<\/div>\n\t\t","protected":false},"excerpt":{"rendered":"<p>Radio ENSE est\u00e1 integrado por estudiantes y docentes normalistas. \u00danete al proyecto. Dra. Dalia Reyes Vald\u00e9s. Coordinadora de Radio ENSE Coahuila. Docente investigadora en \u00e1reas de licenciatura y posgrado. Es l\u00edder del Grupo de Investigaci\u00f3n \u201cEducaci\u00f3n de Soluciones\u201d y miembro SNI desde 2022. Coordinadora de RADIOENSE Mtro. Fernando Avil\u00e9s. Producci\u00f3n de Radio ENSE Coahuila. Es [&hellip;]<\/p>\n","protected":false},"author":1,"featured_media":0,"parent":0,"menu_order":0,"comment_status":"closed","ping_status":"closed","template":"","meta":{"footnotes":""},"class_list":["post-742","page","type-page","status-publish","hentry","entry"],"_links":{"self":[{"href":"https:\/\/ense.mx\/radioense\/wp-json\/wp\/v2\/pages\/742","targetHints":{"allow":["GET"]}}],"collection":[{"href":"https:\/\/ense.mx\/radioense\/wp-json\/wp\/v2\/pages"}],"about":[{"href":"https:\/\/ense.mx\/radioense\/wp-json\/wp\/v2\/types\/page"}],"author":[{"embeddable":true,"href":"https:\/\/ense.mx\/radioense\/wp-json\/wp\/v2\/users\/1"}],"replies":[{"embeddable":true,"href":"https:\/\/ense.mx\/radioense\/wp-json\/wp\/v2\/comments?post=742"}],"version-history":[{"count":33,"href":"https:\/\/ense.mx\/radioense\/wp-json\/wp\/v2\/pages\/742\/revisions"}],"predecessor-version":[{"id":1797,"href":"https:\/\/ense.mx\/radioense\/wp-json\/wp\/v2\/pages\/742\/revisions\/1797"}],"wp:attachment":[{"href":"https:\/\/ense.mx\/radioense\/wp-json\/wp\/v2\/media?parent=742"}],"curies":[{"name":"wp","href":"https:\/\/api.w.org\/{rel}","templated":true}]}}